{"id":6,"date":"2016-12-06T22:44:27","date_gmt":"2016-12-06T21:44:27","guid":{"rendered":"http:\/\/appelpsy.be\/?page_id=6"},"modified":"2016-12-21T22:34:10","modified_gmt":"2016-12-21T21:34:10","slug":"charte","status":"publish","type":"page","link":"https:\/\/www.appelpsy.be\/index.php\/fr\/charte\/","title":{"rendered":"Charte"},"content":{"rendered":"<p style=\"text-align: justify;\">La mission que se donne l\u2019APPELPSY\u00a0est de d\u00e9fendre les int\u00e9r\u00eats professionnels de tous les psychologues dans leur milieu de travail ou en pratique priv\u00e9e. L\u2019association soutient le psychologue dans l\u2019\u00e9laboration de l\u2019exp\u00e9rience \u00e0 partir de r\u00e9f\u00e9rents acquis, stables et valid\u00e9s par les pairs \u2014 pour produire une clinique digne de ce nom qui met la parole du patient au c\u0153ur du dispositif et le langage comme premier levier du traitement. Nous d\u00e9fendons une pratique clinique qui se d\u00e9marque des r\u00e8gles construites \u00e0 partir de la technologie en tant qu\u2019elles peuvent produire du soin pens\u00e9 pour le management plus que pour le patient.<\/p>\n<p style=\"text-align: justify;\">L\u2019association m\u00e8nera toutes les actions n\u00e9cessaires \u00e0 d\u00e9fendre le psychologue clinicien et la clinique du psychologue. Les moyens utiles seront d\u00e9ploy\u00e9s pour r\u00e9aliser notre mission\u00a0: publications,\u00a0<em>newsletters<\/em>, conf\u00e9rences, actions et recours aupr\u00e8s des instances et tout autre moyen d\u00e9mocratique susceptible de faire avancer notre cause.<\/p>\n<p style=\"text-align: justify;\">L&rsquo;association attend de ses membres de maintenir un niveau de qualit\u00e9 dans l\u2019exercice de la psychologie clinique en se donnant tous les moyens de se former de fa\u00e7on continue, notamment par la supervision et les \u00e9changes coll\u00e9giaux sur la pratique clinique.<\/p>\n<p style=\"text-align: justify;\"><strong>Nous d\u00e9fendons en particulier\u00a0:<\/strong><\/p>\n<ul style=\"text-align: justify;\">\n<li>\u00a0L&rsquo;importance prioritaire de l&rsquo;\u00e9coute et des pouvoirs de la parole<\/li>\n<li>\u00a0L&rsquo;intimit\u00e9 absolue de la pratique qui requiert un secret professionnel strict<\/li>\n<li>\u00a0Une supervision de la pratique par les pairs<\/li>\n<li>\u00a0La possibilit\u00e9 d&rsquo;une pratique b\u00e9n\u00e9vole encadr\u00e9e par les pairs pour des projets sociaux<\/li>\n<li>\u00a0La reconnaissance des processus inconscients comme faisant partie de la vie psychique<\/li>\n<li>\u00a0Le respect de la pluralit\u00e9 des orientations psychoth\u00e9rapeutiques centr\u00e9es sur la parole en tant que singuli\u00e8re<\/li>\n<li>\u00a0La libert\u00e9 du patient de choisir son psychologue et son mode de traitement<\/li>\n<\/ul>\n<p style=\"text-align: justify;\"><strong>Nous nous opposons en particulier \u00e0\u00a0:<\/strong><\/p>\n<ul style=\"text-align: justify;\">\n<li>Tout affaiblissement du secret professionnel<\/li>\n<li>Une num\u00e9risation globalis\u00e9e de donn\u00e9es sensibles qui concernent la vie psychique<\/li>\n<li>Un syst\u00e8me standardis\u00e9\u00a0de soins qui ne prendrait pas en consid\u00e9ration l\u2019implication, la singularit\u00e9 et la libert\u00e9 de choix du patient<\/li>\n<li>La prescription d&rsquo;un traitement qui restreindrait la libert\u00e9 de choix du patient<\/li>\n<\/ul>\n<p style=\"text-align: justify;\"><a href=\"http:\/\/www.appelpsy.be\/index.php\/fr\/adhesion\/\"><strong>Je signe le Charte et demande \u00e0 devenir membre de l&rsquo;APPELPSY<\/strong><\/a><\/p>\n","protected":false},"excerpt":{"rendered":"<p>La mission que se donne l\u2019APPELPSY\u00a0est de d\u00e9fendre les int\u00e9r\u00eats professionnels de tous les psychologues dans leur milieu de travail ou en pratique priv\u00e9e. L\u2019association soutient le psychologue dans l\u2019\u00e9laboration de l\u2019exp\u00e9rience \u00e0 partir de r\u00e9f\u00e9rents acquis, stables et valid\u00e9s par les pairs \u2014 pour produire une clinique digne de ce nom qui met la&#8230;<\/p>\n","protected":false},"author":1,"featured_media":0,"parent":0,"menu_order":0,"comment_status":"closed","ping_status":"closed","template":"","meta":{"_mi_skip_tracking":false},"_links":{"self":[{"href":"https:\/\/www.appelpsy.be\/index.php\/wp-json\/wp\/v2\/pages\/6"}],"collection":[{"href":"https:\/\/www.appelpsy.be\/index.php\/wp-json\/wp\/v2\/pages"}],"about":[{"href":"https:\/\/www.appelpsy.be\/index.php\/wp-json\/wp\/v2\/types\/page"}],"author":[{"embeddable":true,"href":"https:\/\/www.appelpsy.be\/index.php\/wp-json\/wp\/v2\/users\/1"}],"replies":[{"embeddable":true,"href":"https:\/\/www.appelpsy.be\/index.php\/wp-json\/wp\/v2\/comments?post=6"}],"version-history":[{"count":8,"href":"https:\/\/www.appelpsy.be\/index.php\/wp-json\/wp\/v2\/pages\/6\/revisions"}],"predecessor-version":[{"id":161,"href":"https:\/\/www.appelpsy.be\/index.php\/wp-json\/wp\/v2\/pages\/6\/revisions\/161"}],"wp:attachment":[{"href":"https:\/\/www.appelpsy.be\/index.php\/wp-json\/wp\/v2\/media?parent=6"}],"curies":[{"name":"wp","href":"https:\/\/api.w.org\/{rel}","templated":true}]}}