{"id":8,"date":"2016-12-06T22:45:12","date_gmt":"2016-12-06T21:45:12","guid":{"rendered":"http:\/\/appelpsy.be\/?page_id=8"},"modified":"2023-11-17T11:42:24","modified_gmt":"2023-11-17T10:42:24","slug":"demande-dadhesion","status":"publish","type":"page","link":"https:\/\/www.appelpsy.be\/index.php\/fr\/demande-dadhesion\/","title":{"rendered":"Demande d&rsquo;adh\u00e9sion"},"content":{"rendered":"<p>Pour devenir membre comme psychologue clinicien (vous devez disposer d&rsquo;un num\u00e9ro de VISA), vous pouvez en faire la demande \u00e0 l&rsquo;adresse suivante : <a href=\"mailto:appelpsy.cm@gmail.com\">appelpsy.cm@gmail.com<\/a>.<\/p>\n<p>Si vous n&rsquo;\u00eates pas psychologue clinicien, il est possible de devenir membre sympathisant en soutien \u00e0 notre association. Pour ce faire, merci de contacter l&rsquo;association via l&rsquo;adresse <a href=\"mailto:appelpsy@gmail.com\" target=\"_blank\" rel=\"noopener noreferrer\" data-auth=\"NotApplicable\" data-ogsc=\"\" data-linkindex=\"0\">appelpsy@gmail.com<\/a>.<\/p>\n","protected":false},"excerpt":{"rendered":"<p>Pour devenir membre comme psychologue clinicien (vous devez disposer d&rsquo;un num\u00e9ro de VISA), vous pouvez en faire la demande \u00e0 l&rsquo;adresse suivante : appelpsy.cm@gmail.com. Si vous n&rsquo;\u00eates pas psychologue clinicien, il est possible de devenir membre sympathisant en soutien \u00e0 notre association. Pour ce faire, merci de contacter l&rsquo;association via l&rsquo;adresse appelpsy@gmail.com.<\/p>\n","protected":false},"author":1,"featured_media":0,"parent":0,"menu_order":0,"comment_status":"closed","ping_status":"closed","template":"","meta":{"_mi_skip_tracking":false},"_links":{"self":[{"href":"https:\/\/www.appelpsy.be\/index.php\/wp-json\/wp\/v2\/pages\/8"}],"collection":[{"href":"https:\/\/www.appelpsy.be\/index.php\/wp-json\/wp\/v2\/pages"}],"about":[{"href":"https:\/\/www.appelpsy.be\/index.php\/wp-json\/wp\/v2\/types\/page"}],"author":[{"embeddable":true,"href":"https:\/\/www.appelpsy.be\/index.php\/wp-json\/wp\/v2\/users\/1"}],"replies":[{"embeddable":true,"href":"https:\/\/www.appelpsy.be\/index.php\/wp-json\/wp\/v2\/comments?post=8"}],"version-history":[{"count":24,"href":"https:\/\/www.appelpsy.be\/index.php\/wp-json\/wp\/v2\/pages\/8\/revisions"}],"predecessor-version":[{"id":430,"href":"https:\/\/www.appelpsy.be\/index.php\/wp-json\/wp\/v2\/pages\/8\/revisions\/430"}],"wp:attachment":[{"href":"https:\/\/www.appelpsy.be\/index.php\/wp-json\/wp\/v2\/media?parent=8"}],"curies":[{"name":"wp","href":"https:\/\/api.w.org\/{rel}","templated":true}]}}